{"id":47,"date":"2025-02-05T17:51:33","date_gmt":"2025-02-05T17:51:33","guid":{"rendered":"https:\/\/rb-music.com\/?page_id=47"},"modified":"2026-01-21T18:11:50","modified_gmt":"2026-01-21T18:11:50","slug":"ueber-den-interpreten","status":"publish","type":"page","link":"https:\/\/rb-music.com\/index.php\/ueber-den-interpreten\/","title":{"rendered":"\u00dcber den Interpreten"},"content":{"rendered":"\n<h2 class=\"wp-block-heading\">Musik als Gabe<\/h2>\n\n\n\n<p>Musik ist f\u00fcr mich ein wunderbares Geschenk Gottes, das beim Menschen Begeisterung und Gl\u00fccksgef\u00fchle hervorrufen kann. Sie spiegelt eine der Musik inne liegende Ordnung wider und gleichzeitig eine Freiheit, die der kreative Umgang mit ihr erm\u00f6glicht. Sie ist der Sch\u00f6pfung wie eine besondere Zutat hinzugef\u00fcgt worden und erklingt auch im Himmel, d.h. sie hat ewigen Bestand.<br>Ihre Komposition, Darbietung und Wahrnehmung spricht Bereiche des Gem\u00fcts und der Seele jedes Menschen an; Er kann sich dem nicht entziehen und es wirkt auf ihn vorwiegend in positiver Weise. Die Besch\u00e4ftigung mit Musik, das Lehren, Lernen, H\u00f6ren und gemeinsame Musizieren hat mich im Laufe meines Lebens mit unz\u00e4hligen Menschen zusammengebracht, Freundschaften geschmiedet, mich bereichert und durch manche Krisen geholfen.<br>Die verschiedenartigsten Werke und Produktionen von mir m\u00f6chte ich gerne \u00f6ffentlich zug\u00e4nglich machen und mit allen Interessierten teilen.<br>Es entstanden und entstehen weiterhin vor allem Lieder aller m\u00f6glichen Genres, die man nun aufrufen und h\u00f6ren kann, aber auch Orchesterwerke.<br>Bei den Liedern gibt es u.a. christliche Themen, gesellige Lieder, volksliedhaftes, pers\u00f6nlich Erlebtes, darunter Liebesfreud und -leid, Stimmungsbilder und Erfahrungen.<br>Melodien habe ich teils einfach harmonisiert, teils angereichert mit ausgereifter Harmonik. Die Arrangements reichen von Soloinstrument bis hin zu orchestralen Besetzungen.<\/p>\n","protected":false},"excerpt":{"rendered":"<p>Musik als Gabe Musik ist f\u00fcr mich ein wunderbares Geschenk Gottes, das beim Menschen Begeisterung und Gl\u00fccksgef\u00fchle hervorrufen kann. Sie spiegelt eine der Musik inne liegende Ordnung wider und gleichzeitig eine Freiheit, die der kreative Umgang mit ihr erm\u00f6glicht. Sie ist der Sch\u00f6pfung wie eine besondere Zutat hinzugef\u00fcgt worden und erklingt auch im Himmel, d.h. [&hellip;]<\/p>\n","protected":false},"author":2,"featured_media":0,"parent":0,"menu_order":0,"comment_status":"closed","ping_status":"closed","template":"","meta":{"footnotes":""},"class_list":["post-47","page","type-page","status-publish","hentry"],"jetpack_sharing_enabled":true,"_links":{"self":[{"href":"https:\/\/rb-music.com\/index.php\/wp-json\/wp\/v2\/pages\/47","targetHints":{"allow":["GET"]}}],"collection":[{"href":"https:\/\/rb-music.com\/index.php\/wp-json\/wp\/v2\/pages"}],"about":[{"href":"https:\/\/rb-music.com\/index.php\/wp-json\/wp\/v2\/types\/page"}],"author":[{"embeddable":true,"href":"https:\/\/rb-music.com\/index.php\/wp-json\/wp\/v2\/users\/2"}],"replies":[{"embeddable":true,"href":"https:\/\/rb-music.com\/index.php\/wp-json\/wp\/v2\/comments?post=47"}],"version-history":[{"count":3,"href":"https:\/\/rb-music.com\/index.php\/wp-json\/wp\/v2\/pages\/47\/revisions"}],"predecessor-version":[{"id":101,"href":"https:\/\/rb-music.com\/index.php\/wp-json\/wp\/v2\/pages\/47\/revisions\/101"}],"wp:attachment":[{"href":"https:\/\/rb-music.com\/index.php\/wp-json\/wp\/v2\/media?parent=47"}],"curies":[{"name":"wp","href":"https:\/\/api.w.org\/{rel}","templated":true}]}}